{"id":77,"date":"2024-04-14T12:12:33","date_gmt":"2024-04-14T12:12:33","guid":{"rendered":"https:\/\/ateliereinzelstueck.de\/?page_id=77"},"modified":"2024-04-22T15:01:13","modified_gmt":"2024-04-22T15:01:13","slug":"recreation-guitars","status":"publish","type":"page","link":"https:\/\/ateliereinzelstueck.de\/?page_id=77","title":{"rendered":"Recreation Guitars"},"content":{"rendered":"\n<div class=\"wp-block-cover alignfull is-light has-parallax\" style=\"margin-top:0;margin-bottom:0;padding-top:var(--wp--preset--spacing--50);padding-right:var(--wp--preset--spacing--50);padding-bottom:var(--wp--preset--spacing--50);padding-left:var(--wp--preset--spacing--50);min-height:814px;aspect-ratio:unset;\"><span aria-hidden=\"true\" class=\"wp-block-cover__background has-base-background-color has-background-dim-0 has-background-dim\"><\/span><div class=\"wp-block-cover__image-background wp-image-117 has-parallax\" style=\"background-position:50% 50%;background-image:url(http:\/\/ateliereinzelstueck.de\/wp-content\/uploads\/2024\/04\/recreation-guitars-quer.jpg)\"><\/div><div class=\"wp-block-cover__inner-container has-global-padding is-layout-constrained wp-block-cover-is-layout-constrained\">\n<figure class=\"wp-block-image aligncenter size-full\"><img loading=\"lazy\" decoding=\"async\" width=\"976\" height=\"1004\" src=\"https:\/\/ateliereinzelstueck.de\/wp-content\/uploads\/2024\/04\/recreation-guitars-logo.png\" alt=\"\" class=\"wp-image-119\" srcset=\"https:\/\/ateliereinzelstueck.de\/wp-content\/uploads\/2024\/04\/recreation-guitars-logo.png 976w, https:\/\/ateliereinzelstueck.de\/wp-content\/uploads\/2024\/04\/recreation-guitars-logo-292x300.png 292w, https:\/\/ateliereinzelstueck.de\/wp-content\/uploads\/2024\/04\/recreation-guitars-logo-768x790.png 768w\" sizes=\"(max-width: 976px) 100vw, 976px\" \/><\/figure>\n<\/div><\/div>\n\n\n\n<div class=\"wp-block-group alignfull has-background is-layout-flow wp-block-group-is-layout-flow\" style=\"background-color:#1f1f1f;margin-top:0;margin-bottom:0;padding-top:6vw;padding-right:6vw;padding-bottom:6vw;padding-left:6vw\">\n<div class=\"wp-block-group is-vertical is-nowrap is-layout-flex wp-container-core-group-is-layout-1 wp-block-group-is-layout-flex\" style=\"padding-right:0;padding-left:0\">\n<h6 class=\"wp-block-heading has-text-color\" id=\"ecosystem\" style=\"color:#cfcfcf;font-size:clamp(14px, 0.875rem + ((1vw - 3.2px) * 0.208), 16px);\">RECREATION GUITARS<\/h6>\n\n\n\n<p class=\"has-text-color\" style=\"color:#cfcfcf;font-size:6vw;font-style:normal;font-weight:700;letter-spacing:0px;line-height:0.9;text-decoration:none;text-transform:none\">Gitarren &amp; mehr.<\/p>\n<\/div>\n\n\n\n<div style=\"height:1vw\" aria-hidden=\"true\" class=\"wp-block-spacer\"><\/div>\n\n\n\n<div class=\"wp-block-group alignwide is-vertical is-nowrap is-layout-flex wp-container-core-group-is-layout-2 wp-block-group-is-layout-flex\" style=\"padding-top:0;padding-right:0;padding-bottom:0;padding-left:0\">\n<div class=\"wp-block-columns alignwide is-layout-flex wp-container-core-columns-is-layout-1 wp-block-columns-is-layout-flex\">\n<div class=\"wp-block-column is-layout-flow wp-block-column-is-layout-flow\" style=\"flex-basis:33.38%\">\n<p class=\"has-text-color\" style=\"color:#cfcfcf;font-size:clamp(14px, 0.875rem + ((1vw - 3.2px) * 0.313), 17px);\">Angefangen hat das mit den Gitarrenbasteleien aus reiner Neugier und als meditative Besch\u00e4ftigung.<\/p>\n\n\n\n<p class=\"has-text-color\" style=\"color:#cfcfcf;font-size:clamp(14px, 0.875rem + ((1vw - 3.2px) * 0.313), 17px);\">Gemacht aus Resten &#8211; oder auch upcycling genannt &#8211; und jedes Teil ein Einzelst\u00fcck. Eines haben alle Dinge von &#8222;<strong>Recreation Guitars<\/strong>&#8220; gemeinsam &#8211; den Bezug zur Gitarre.<br><br>Die meisten Arbeitsschritte werden komplett ohne elektrische Ger\u00e4tschaften ausgef\u00fchrt. Eine kleine Hands\u00e4ge, Feilen, Raspeln, Schleifpapier. Bis auf eine Bohrmaschine ist fast nie ein Stromanschluss f\u00fcr den Bau n\u00f6tig. Nur viel Geduld, Ruhe und Muse.<\/p>\n\n\n\n<p><\/p>\n\n\n\n<p><\/p>\n\n\n\n<p><\/p>\n\n\n\n<p><\/p>\n<\/div>\n\n\n\n<div class=\"wp-block-column is-layout-flow wp-block-column-is-layout-flow\" style=\"flex-basis:33%\">\n<div style=\"height:2vw\" aria-hidden=\"true\" class=\"wp-block-spacer\"><\/div>\n\n\n\n<figure class=\"wp-block-image size-large\"><img loading=\"lazy\" decoding=\"async\" width=\"683\" height=\"1024\" src=\"https:\/\/ateliereinzelstueck.de\/wp-content\/uploads\/2024\/04\/MG_8075-683x1024.jpg\" alt=\"\" class=\"wp-image-95\" srcset=\"https:\/\/ateliereinzelstueck.de\/wp-content\/uploads\/2024\/04\/MG_8075-683x1024.jpg 683w, https:\/\/ateliereinzelstueck.de\/wp-content\/uploads\/2024\/04\/MG_8075-200x300.jpg 200w, https:\/\/ateliereinzelstueck.de\/wp-content\/uploads\/2024\/04\/MG_8075-768x1152.jpg 768w, https:\/\/ateliereinzelstueck.de\/wp-content\/uploads\/2024\/04\/MG_8075-1024x1536.jpg 1024w, https:\/\/ateliereinzelstueck.de\/wp-content\/uploads\/2024\/04\/MG_8075-1366x2048.jpg 1366w, https:\/\/ateliereinzelstueck.de\/wp-content\/uploads\/2024\/04\/MG_8075.jpg 1667w\" sizes=\"(max-width: 683px) 100vw, 683px\" \/><\/figure>\n<\/div>\n\n\n\n<div class=\"wp-block-column is-layout-flow wp-block-column-is-layout-flow\" style=\"flex-basis:33.62%\">\n<figure class=\"wp-block-image size-large\"><img loading=\"lazy\" decoding=\"async\" width=\"682\" height=\"1024\" src=\"https:\/\/ateliereinzelstueck.de\/wp-content\/uploads\/2024\/04\/MG_9035-682x1024.jpg\" alt=\"\" class=\"wp-image-96\" srcset=\"https:\/\/ateliereinzelstueck.de\/wp-content\/uploads\/2024\/04\/MG_9035-682x1024.jpg 682w, https:\/\/ateliereinzelstueck.de\/wp-content\/uploads\/2024\/04\/MG_9035-200x300.jpg 200w, https:\/\/ateliereinzelstueck.de\/wp-content\/uploads\/2024\/04\/MG_9035-768x1152.jpg 768w, https:\/\/ateliereinzelstueck.de\/wp-content\/uploads\/2024\/04\/MG_9035-1024x1536.jpg 1024w, https:\/\/ateliereinzelstueck.de\/wp-content\/uploads\/2024\/04\/MG_9035.jpg 1333w\" sizes=\"(max-width: 682px) 100vw, 682px\" \/><\/figure>\n<\/div>\n<\/div>\n\n\n\n<div class=\"wp-block-columns alignwide is-layout-flex wp-container-core-columns-is-layout-2 wp-block-columns-is-layout-flex\">\n<div class=\"wp-block-column is-layout-flow wp-block-column-is-layout-flow\" style=\"flex-basis:69%\">\n<figure class=\"wp-block-image size-large\"><img loading=\"lazy\" decoding=\"async\" width=\"682\" height=\"1024\" src=\"https:\/\/ateliereinzelstueck.de\/wp-content\/uploads\/2024\/04\/MG_8192-682x1024.jpg\" alt=\"\" class=\"wp-image-98\" style=\"aspect-ratio:1;object-fit:cover\" srcset=\"https:\/\/ateliereinzelstueck.de\/wp-content\/uploads\/2024\/04\/MG_8192-682x1024.jpg 682w, https:\/\/ateliereinzelstueck.de\/wp-content\/uploads\/2024\/04\/MG_8192-200x300.jpg 200w, https:\/\/ateliereinzelstueck.de\/wp-content\/uploads\/2024\/04\/MG_8192-768x1152.jpg 768w, https:\/\/ateliereinzelstueck.de\/wp-content\/uploads\/2024\/04\/MG_8192-1024x1536.jpg 1024w, https:\/\/ateliereinzelstueck.de\/wp-content\/uploads\/2024\/04\/MG_8192.jpg 1333w\" sizes=\"(max-width: 682px) 100vw, 682px\" \/><\/figure>\n<\/div>\n\n\n\n<div class=\"wp-block-column is-vertically-aligned-center is-layout-flow wp-block-column-is-layout-flow\" style=\"flex-basis:33%\">\n<div style=\"height:2vw\" aria-hidden=\"true\" class=\"wp-block-spacer\"><\/div>\n\n\n\n<p class=\"has-text-color\" style=\"color:#cfcfcf;font-size:clamp(14px, 0.875rem + ((1vw - 3.2px) * 0.313), 17px);\">Auch der Koffer wurde komplett aus Resten gefertigt. Das Holz habe ich aus einer Umverpackung f\u00fcr Fenster gewonnen, das schon beim M\u00fcllcontainer deponiert wurde. Die \u00e4u\u00dfere H\u00fclle ist aus einem echten Kaffeesack, der innere Stoff aus goldenen Trachtenstoff-Resten. Die Lederteile (Verschluss, Handgriff, etc.) sind von einer alten Schultasche, die ich vor dem M\u00fcll bewahrt habe. <br><br>Die Seele der alten Dinge ist sp\u00fcrbar und bekommen ein neues Leben als neues Ganzes.<\/p>\n<\/div>\n<\/div>\n<\/div>\n<\/div>\n\n\n\n<div class=\"wp-block-group alignfull has-base-2-color has-text-color has-background has-link-color wp-elements-3890099f0918bff17a75af28d5ac9413 has-global-padding is-layout-constrained wp-block-group-is-layout-constrained\" style=\"background-color:#1f1f1f;margin-top:0;margin-bottom:0;padding-top:var(--wp--preset--spacing--30);padding-right:var(--wp--preset--spacing--50);padding-bottom:var(--wp--preset--spacing--30);padding-left:var(--wp--preset--spacing--50)\">\n<div class=\"wp-block-columns alignwide is-layout-flex wp-container-core-columns-is-layout-3 wp-block-columns-is-layout-flex\">\n<div class=\"wp-block-column is-vertically-aligned-stretch is-layout-flow wp-block-column-is-layout-flow\" style=\"padding-right:0;flex-basis:60%\">\n<div class=\"wp-block-group is-vertical is-content-justification-stretch is-layout-flex wp-container-core-group-is-layout-4 wp-block-group-is-layout-flex\" style=\"min-height:100%\">\n<figure class=\"wp-block-image size-large is-resized is-style-rounded\"><img loading=\"lazy\" decoding=\"async\" width=\"682\" height=\"1024\" src=\"https:\/\/ateliereinzelstueck.de\/wp-content\/uploads\/2024\/04\/MG_9967-682x1024.jpg\" alt=\"\" class=\"wp-image-121\" style=\"aspect-ratio:0.5625;object-fit:cover;width:550px;height:auto\" srcset=\"https:\/\/ateliereinzelstueck.de\/wp-content\/uploads\/2024\/04\/MG_9967-682x1024.jpg 682w, https:\/\/ateliereinzelstueck.de\/wp-content\/uploads\/2024\/04\/MG_9967-200x300.jpg 200w, https:\/\/ateliereinzelstueck.de\/wp-content\/uploads\/2024\/04\/MG_9967-768x1152.jpg 768w, https:\/\/ateliereinzelstueck.de\/wp-content\/uploads\/2024\/04\/MG_9967-1024x1536.jpg 1024w, https:\/\/ateliereinzelstueck.de\/wp-content\/uploads\/2024\/04\/MG_9967.jpg 1333w\" sizes=\"(max-width: 682px) 100vw, 682px\" \/><figcaption class=\"wp-element-caption\"><strong>Bottleneck-Slides aus echten Glasflaschen<\/strong><\/figcaption><\/figure>\n<\/div>\n<\/div>\n\n\n\n<div class=\"wp-block-column is-layout-flow wp-block-column-is-layout-flow\" style=\"flex-basis:40%\">\n<div class=\"wp-block-group has-global-padding is-layout-constrained wp-block-group-is-layout-constrained\">\n<p class=\"has-text-color has-link-color has-large-font-size wp-elements-e405c43d15c1500b6e96303d6b0618e2\" style=\"color:#cfcfcf;font-style:normal;font-weight:500;line-height:1.2\">Immer wieder entsteht bei mir diverses Zubeh\u00f6r f\u00fcr Gitarren &#8211; das umfasst echte Bottleneck-Slides aus Altglas, Metall-Slides, Gitarrengurte, Aufbewahrungsl\u00f6sungen wie zum Beispiel Plektren-Etuis und noch vieles mehr.<\/p>\n\n\n\n<div style=\"height:var(--wp--preset--spacing--40)\" aria-hidden=\"true\" class=\"wp-block-spacer\"><\/div>\n\n\n\n<div class=\"wp-block-group is-layout-flow wp-block-group-is-layout-flow\">\n<figure class=\"wp-block-image size-large is-resized is-style-rounded\"><img loading=\"lazy\" decoding=\"async\" width=\"682\" height=\"1024\" src=\"https:\/\/ateliereinzelstueck.de\/wp-content\/uploads\/2024\/04\/MG_0565-682x1024.jpg\" alt=\"\" class=\"wp-image-122\" style=\"aspect-ratio:0.5625;object-fit:cover;width:366px;height:auto\" srcset=\"https:\/\/ateliereinzelstueck.de\/wp-content\/uploads\/2024\/04\/MG_0565-682x1024.jpg 682w, https:\/\/ateliereinzelstueck.de\/wp-content\/uploads\/2024\/04\/MG_0565-200x300.jpg 200w, https:\/\/ateliereinzelstueck.de\/wp-content\/uploads\/2024\/04\/MG_0565-768x1152.jpg 768w, https:\/\/ateliereinzelstueck.de\/wp-content\/uploads\/2024\/04\/MG_0565-1024x1536.jpg 1024w, https:\/\/ateliereinzelstueck.de\/wp-content\/uploads\/2024\/04\/MG_0565.jpg 1333w\" sizes=\"(max-width: 682px) 100vw, 682px\" \/><figcaption class=\"wp-element-caption\"><strong>Gitarrengurte aus alten Feuerwehr-Koppeln<\/strong><\/figcaption><\/figure>\n<\/div>\n<\/div>\n<\/div>\n<\/div>\n<\/div>\n\n\n\n<div class=\"wp-block-group alignfull has-background is-vertical is-content-justification-center is-layout-flex wp-container-core-group-is-layout-9 wp-block-group-is-layout-flex\" style=\"background-color:#1f1f1f;min-height:40vh;margin-top:0;margin-bottom:0;padding-top:var(--wp--preset--spacing--20);padding-right:var(--wp--preset--spacing--50);padding-bottom:var(--wp--preset--spacing--20);padding-left:var(--wp--preset--spacing--50)\">\n<div class=\"wp-block-group has-global-padding is-layout-constrained wp-block-group-is-layout-constrained\">\n<div style=\"height:var(--wp--preset--spacing--10)\" aria-hidden=\"true\" class=\"wp-block-spacer\"><\/div>\n\n\n\n<h2 class=\"wp-block-heading has-text-align-center has-text-color has-link-color has-x-large-font-size wp-elements-200ebdd4d01467493d820c46b6468054\" style=\"color:#cfcfcf;margin-right:0;margin-left:0;padding-right:0;padding-left:0\">Optische \u00dcberarbeitung <br>von Gitarren-Pedals<\/h2>\n\n\n\n<p class=\"has-text-align-center has-text-color has-link-color wp-elements-457048f5564273e37334b1f8a02c1ab5\" style=\"color:#cfcfcf\">Die folgenden Pedals sind gekaufte, fertige Produkte. Ich habe das Geh\u00e4use genommen, aufs blanke Metall geschliffen und ihnen so einen eigenen Look verpasst. F\u00fcr alle, die etwas aus der Reihe haben m\u00f6chten oder den neugierigen Blicken aufs Pedalboard entgehen wollen.<br><br>In Zukunft werde ich auch eigene Pedals l\u00f6ten und entwickeln. <br>Das ben\u00f6tigt aber noch ein wenig mehr Zeit, mich da reinzuarbeiten.<\/p>\n<\/div>\n<\/div>\n\n\n\n<div class=\"wp-block-group alignfull has-background has-global-padding is-layout-constrained wp-block-group-is-layout-constrained\" style=\"background-color:#1f1f1f;margin-top:0;margin-bottom:0;padding-top:var(--wp--preset--spacing--20);padding-right:var(--wp--preset--spacing--50);padding-bottom:var(--wp--preset--spacing--20);padding-left:var(--wp--preset--spacing--50)\">\n<div class=\"wp-block-columns alignwide is-layout-flex wp-container-core-columns-is-layout-4 wp-block-columns-is-layout-flex\" style=\"margin-top:0;margin-bottom:0\">\n<div class=\"wp-block-column is-layout-flow wp-container-core-column-is-layout-8 wp-block-column-is-layout-flow\">\n<figure class=\"wp-block-image size-large is-style-rounded\"><img loading=\"lazy\" decoding=\"async\" width=\"682\" height=\"1024\" src=\"http:\/\/ateliereinzelstueck.de\/wp-content\/uploads\/2024\/04\/MG_0256-682x1024.jpg\" alt=\"\" class=\"wp-image-123\" style=\"aspect-ratio:4\/3;object-fit:cover\" srcset=\"https:\/\/ateliereinzelstueck.de\/wp-content\/uploads\/2024\/04\/MG_0256-682x1024.jpg 682w, https:\/\/ateliereinzelstueck.de\/wp-content\/uploads\/2024\/04\/MG_0256-200x300.jpg 200w, https:\/\/ateliereinzelstueck.de\/wp-content\/uploads\/2024\/04\/MG_0256-768x1152.jpg 768w, https:\/\/ateliereinzelstueck.de\/wp-content\/uploads\/2024\/04\/MG_0256-1024x1536.jpg 1024w, https:\/\/ateliereinzelstueck.de\/wp-content\/uploads\/2024\/04\/MG_0256.jpg 1333w\" sizes=\"(max-width: 682px) 100vw, 682px\" \/><\/figure>\n\n\n\n<div style=\"height:var(--wp--preset--spacing--50)\" aria-hidden=\"true\" class=\"wp-block-spacer\"><\/div>\n\n\n\n<figure class=\"wp-block-image size-large is-style-rounded\"><img loading=\"lazy\" decoding=\"async\" width=\"682\" height=\"1024\" src=\"https:\/\/ateliereinzelstueck.de\/wp-content\/uploads\/2024\/04\/MG_0342-682x1024.jpg\" alt=\"\" class=\"wp-image-125\" style=\"aspect-ratio:3\/4;object-fit:cover\" srcset=\"https:\/\/ateliereinzelstueck.de\/wp-content\/uploads\/2024\/04\/MG_0342-682x1024.jpg 682w, https:\/\/ateliereinzelstueck.de\/wp-content\/uploads\/2024\/04\/MG_0342-200x300.jpg 200w, https:\/\/ateliereinzelstueck.de\/wp-content\/uploads\/2024\/04\/MG_0342-768x1152.jpg 768w, https:\/\/ateliereinzelstueck.de\/wp-content\/uploads\/2024\/04\/MG_0342-1024x1536.jpg 1024w, https:\/\/ateliereinzelstueck.de\/wp-content\/uploads\/2024\/04\/MG_0342.jpg 1333w\" sizes=\"(max-width: 682px) 100vw, 682px\" \/><\/figure>\n<\/div>\n\n\n\n<div class=\"wp-block-column is-layout-flow wp-container-core-column-is-layout-9 wp-block-column-is-layout-flow\">\n<div style=\"height:var(--wp--preset--spacing--50)\" aria-hidden=\"true\" class=\"wp-block-spacer\"><\/div>\n\n\n\n<figure class=\"wp-block-image size-large is-style-rounded\"><img loading=\"lazy\" decoding=\"async\" width=\"682\" height=\"1024\" src=\"https:\/\/ateliereinzelstueck.de\/wp-content\/uploads\/2024\/04\/MG_0252-682x1024.jpg\" alt=\"\" class=\"wp-image-124\" style=\"aspect-ratio:3\/4;object-fit:cover\" srcset=\"https:\/\/ateliereinzelstueck.de\/wp-content\/uploads\/2024\/04\/MG_0252-682x1024.jpg 682w, https:\/\/ateliereinzelstueck.de\/wp-content\/uploads\/2024\/04\/MG_0252-200x300.jpg 200w, https:\/\/ateliereinzelstueck.de\/wp-content\/uploads\/2024\/04\/MG_0252-768x1152.jpg 768w, https:\/\/ateliereinzelstueck.de\/wp-content\/uploads\/2024\/04\/MG_0252-1024x1536.jpg 1024w, https:\/\/ateliereinzelstueck.de\/wp-content\/uploads\/2024\/04\/MG_0252.jpg 1333w\" sizes=\"(max-width: 682px) 100vw, 682px\" \/><\/figure>\n\n\n\n<div style=\"height:var(--wp--preset--spacing--50)\" aria-hidden=\"true\" class=\"wp-block-spacer\"><\/div>\n\n\n\n<figure class=\"wp-block-image size-large is-style-rounded\"><img loading=\"lazy\" decoding=\"async\" width=\"682\" height=\"1024\" src=\"https:\/\/ateliereinzelstueck.de\/wp-content\/uploads\/2024\/04\/MG_0430-682x1024.jpg\" alt=\"\" class=\"wp-image-126\" style=\"aspect-ratio:1;object-fit:cover\" srcset=\"https:\/\/ateliereinzelstueck.de\/wp-content\/uploads\/2024\/04\/MG_0430-682x1024.jpg 682w, https:\/\/ateliereinzelstueck.de\/wp-content\/uploads\/2024\/04\/MG_0430-200x300.jpg 200w, https:\/\/ateliereinzelstueck.de\/wp-content\/uploads\/2024\/04\/MG_0430-768x1152.jpg 768w, https:\/\/ateliereinzelstueck.de\/wp-content\/uploads\/2024\/04\/MG_0430-1024x1536.jpg 1024w, https:\/\/ateliereinzelstueck.de\/wp-content\/uploads\/2024\/04\/MG_0430.jpg 1333w\" sizes=\"(max-width: 682px) 100vw, 682px\" \/><\/figure>\n<\/div>\n<\/div>\n<\/div>\n\n\n\n<div class=\"wp-block-group alignfull has-background is-layout-flow wp-container-core-group-is-layout-13 wp-block-group-is-layout-flow\" style=\"background-color:#1f1f1f;margin-top:0;margin-bottom:0;padding-top:6vw;padding-right:6vw;padding-bottom:6vw;padding-left:6vw\">\n<div class=\"wp-block-group is-vertical is-nowrap is-layout-flex wp-container-core-group-is-layout-11 wp-block-group-is-layout-flex\" style=\"padding-right:0;padding-left:0\">\n<h6 class=\"wp-block-heading has-text-color\" id=\"ecosystem\" style=\"color:#cfcfcf;font-size:clamp(14px, 0.875rem + ((1vw - 3.2px) * 0.208), 16px);\">Telecaster-Bausatz<\/h6>\n\n\n\n<p class=\"has-text-color\" style=\"color:#cfcfcf;font-size:6vw;font-style:normal;font-weight:700;letter-spacing:0px;line-height:0.9;text-decoration:none;text-transform:none\">Trudemarie<\/p>\n<\/div>\n\n\n\n<div style=\"height:1vw\" aria-hidden=\"true\" class=\"wp-block-spacer\"><\/div>\n\n\n\n<div class=\"wp-block-group alignwide is-vertical is-nowrap is-layout-flex wp-container-core-group-is-layout-12 wp-block-group-is-layout-flex\" style=\"padding-top:0;padding-right:0;padding-bottom:0;padding-left:0\">\n<div class=\"wp-block-columns alignwide is-layout-flex wp-container-core-columns-is-layout-5 wp-block-columns-is-layout-flex\">\n<div class=\"wp-block-column is-layout-flow wp-block-column-is-layout-flow\" style=\"flex-basis:33.38%\">\n<p class=\"has-text-color\" style=\"color:#cfcfcf;font-size:clamp(14px, 0.875rem + ((1vw - 3.2px) * 0.313), 17px);\">Anl\u00e4sslich der j\u00e4hrlichen Thomann-DIY-Kit-Challenge habe ich mich an einen der Thomann-Baus\u00e4tze gewagt. Der Korpus war bereits f\u00fcrs Lackieren vorbereitet, also musste ich noch durch die Grundierung schleifen.<\/p>\n\n\n\n<p class=\"has-text-color\" style=\"color:#cfcfcf;font-size:clamp(14px, 0.875rem + ((1vw - 3.2px) * 0.313), 17px);\">Anschlie\u00dfend wurde sie gebeizt, per Hand bemalt und die Metallteile wurden vom Chrom befreit. Die Metallteile wurden mit speziellen Essigmischungen behandelt, damit ein Alterungsprozess eintreten kann.<\/p>\n\n\n\n<p class=\"has-text-color\" style=\"color:#cfcfcf;font-size:clamp(14px, 0.875rem + ((1vw - 3.2px) * 0.313), 17px);\">Das mitgelieferte Plastik-Schlagbrett habe ich entfernt und eines aus Holz angefertigt. Das wurde dann auch passend gebeizt und bemalt, damit es stimmig zum Rest passt.<\/p>\n\n\n\n<p class=\"has-text-color\" style=\"color:#cfcfcf;font-size:clamp(14px, 0.875rem + ((1vw - 3.2px) * 0.313), 17px);\">Allgemein sollte das kein Hochglanz-Projekt werden &#8211; so habe ich den Korpus mit nassem Lack nach drau\u00dfen gelegt, als der Raps gebl\u00fcht hat.<\/p>\n<\/div>\n\n\n\n<div class=\"wp-block-column is-layout-flow wp-block-column-is-layout-flow\" style=\"flex-basis:33%\">\n<div style=\"height:2vw\" aria-hidden=\"true\" class=\"wp-block-spacer\"><\/div>\n\n\n\n<figure class=\"wp-block-image size-large\"><img loading=\"lazy\" decoding=\"async\" width=\"682\" height=\"1024\" src=\"https:\/\/ateliereinzelstueck.de\/wp-content\/uploads\/2024\/04\/MG_0155-682x1024.jpg\" alt=\"\" class=\"wp-image-128\" srcset=\"https:\/\/ateliereinzelstueck.de\/wp-content\/uploads\/2024\/04\/MG_0155-682x1024.jpg 682w, https:\/\/ateliereinzelstueck.de\/wp-content\/uploads\/2024\/04\/MG_0155-200x300.jpg 200w, https:\/\/ateliereinzelstueck.de\/wp-content\/uploads\/2024\/04\/MG_0155-768x1152.jpg 768w, https:\/\/ateliereinzelstueck.de\/wp-content\/uploads\/2024\/04\/MG_0155-1024x1536.jpg 1024w, https:\/\/ateliereinzelstueck.de\/wp-content\/uploads\/2024\/04\/MG_0155.jpg 1333w\" sizes=\"(max-width: 682px) 100vw, 682px\" \/><\/figure>\n<\/div>\n\n\n\n<div class=\"wp-block-column is-layout-flow wp-block-column-is-layout-flow\" style=\"flex-basis:33.62%\">\n<figure class=\"wp-block-image size-large\"><img loading=\"lazy\" decoding=\"async\" width=\"682\" height=\"1024\" src=\"https:\/\/ateliereinzelstueck.de\/wp-content\/uploads\/2024\/04\/MG_0132-682x1024.jpg\" alt=\"\" class=\"wp-image-129\" srcset=\"https:\/\/ateliereinzelstueck.de\/wp-content\/uploads\/2024\/04\/MG_0132-682x1024.jpg 682w, https:\/\/ateliereinzelstueck.de\/wp-content\/uploads\/2024\/04\/MG_0132-200x300.jpg 200w, https:\/\/ateliereinzelstueck.de\/wp-content\/uploads\/2024\/04\/MG_0132-768x1152.jpg 768w, https:\/\/ateliereinzelstueck.de\/wp-content\/uploads\/2024\/04\/MG_0132-1024x1536.jpg 1024w, https:\/\/ateliereinzelstueck.de\/wp-content\/uploads\/2024\/04\/MG_0132.jpg 1333w\" sizes=\"(max-width: 682px) 100vw, 682px\" \/><\/figure>\n<\/div>\n<\/div>\n\n\n\n<div class=\"wp-block-columns alignwide is-layout-flex wp-container-core-columns-is-layout-6 wp-block-columns-is-layout-flex\">\n<div class=\"wp-block-column is-layout-flow wp-block-column-is-layout-flow\" style=\"flex-basis:69%\">\n<figure class=\"wp-block-image size-large\"><img loading=\"lazy\" decoding=\"async\" width=\"1024\" height=\"682\" src=\"https:\/\/ateliereinzelstueck.de\/wp-content\/uploads\/2024\/04\/MG_0128-1024x682.jpg\" alt=\"\" class=\"wp-image-130\" srcset=\"https:\/\/ateliereinzelstueck.de\/wp-content\/uploads\/2024\/04\/MG_0128-1024x682.jpg 1024w, https:\/\/ateliereinzelstueck.de\/wp-content\/uploads\/2024\/04\/MG_0128-300x200.jpg 300w, https:\/\/ateliereinzelstueck.de\/wp-content\/uploads\/2024\/04\/MG_0128-768x512.jpg 768w, https:\/\/ateliereinzelstueck.de\/wp-content\/uploads\/2024\/04\/MG_0128-1536x1024.jpg 1536w, https:\/\/ateliereinzelstueck.de\/wp-content\/uploads\/2024\/04\/MG_0128.jpg 2000w\" sizes=\"(max-width: 1024px) 100vw, 1024px\" \/><\/figure>\n<\/div>\n\n\n\n<div class=\"wp-block-column is-vertically-aligned-center is-layout-flow wp-block-column-is-layout-flow\" style=\"flex-basis:33%\">\n<div style=\"height:2vw\" aria-hidden=\"true\" class=\"wp-block-spacer\"><\/div>\n\n\n\n<p class=\"has-text-color\" style=\"color:#cfcfcf;font-size:clamp(14px, 0.875rem + ((1vw - 3.2px) * 0.313), 17px);\">So hat die Gitarre jetzt einen ganz leichten Staubfilm mit gelben, fast gold wirkenden Pollen in der fertigen Lackschicht. <\/p>\n\n\n\n<p class=\"has-text-color\" style=\"color:#cfcfcf;font-size:clamp(14px, 0.875rem + ((1vw - 3.2px) * 0.313), 17px);\">Mit der Zeit ver\u00e4ndert sich die gealterte Metalloberfl\u00e4che und bleibt nie gleich.<\/p>\n\n\n\n<p class=\"has-text-color\" style=\"color:#cfcfcf;font-size:clamp(14px, 0.875rem + ((1vw - 3.2px) * 0.313), 17px);\">Der Kopf wurde in alter Kurrent-Handschrift beschriftet und auch die Halsplatte wurde mit dem Namen &#8222;Trudemarie&#8220;, der Jahreszahl und meiner Unterschrift handgraviert und passend gealtert.<\/p>\n<\/div>\n<\/div>\n<\/div>\n<\/div>\n","protected":false},"excerpt":{"rendered":"<p>RECREATION GUITARS Gitarren &amp; mehr. Angefangen hat das mit den Gitarrenbasteleien aus reiner Neugier und als meditative Besch\u00e4ftigung. Gemacht aus Resten &#8211; oder auch upcycling genannt &#8211; und jedes Teil ein Einzelst\u00fcck. Eines haben alle Dinge von &#8222;Recreation Guitars&#8220; gemeinsam &#8211; den Bezug zur Gitarre. Die meisten Arbeitsschritte werden komplett ohne elektrische Ger\u00e4tschaften ausgef\u00fchrt. Eine [&hellip;]<\/p>\n","protected":false},"author":1,"featured_media":0,"parent":0,"menu_order":0,"comment_status":"closed","ping_status":"closed","template":"","meta":{"footnotes":""},"_links":{"self":[{"href":"https:\/\/ateliereinzelstueck.de\/index.php?rest_route=\/wp\/v2\/pages\/77"}],"collection":[{"href":"https:\/\/ateliereinzelstueck.de\/index.php?rest_route=\/wp\/v2\/pages"}],"about":[{"href":"https:\/\/ateliereinzelstueck.de\/index.php?rest_route=\/wp\/v2\/types\/page"}],"author":[{"embeddable":true,"href":"https:\/\/ateliereinzelstueck.de\/index.php?rest_route=\/wp\/v2\/users\/1"}],"replies":[{"embeddable":true,"href":"https:\/\/ateliereinzelstueck.de\/index.php?rest_route=%2Fwp%2Fv2%2Fcomments&post=77"}],"version-history":[{"count":9,"href":"https:\/\/ateliereinzelstueck.de\/index.php?rest_route=\/wp\/v2\/pages\/77\/revisions"}],"predecessor-version":[{"id":182,"href":"https:\/\/ateliereinzelstueck.de\/index.php?rest_route=\/wp\/v2\/pages\/77\/revisions\/182"}],"wp:attachment":[{"href":"https:\/\/ateliereinzelstueck.de\/index.php?rest_route=%2Fwp%2Fv2%2Fmedia&parent=77"}],"curies":[{"name":"wp","href":"https:\/\/api.w.org\/{rel}","templated":true}]}}