{"id":7,"date":"2024-04-14T07:28:19","date_gmt":"2024-04-14T07:28:19","guid":{"rendered":"https:\/\/ateliereinzelstueck.de\/?page_id=7"},"modified":"2024-06-27T18:20:09","modified_gmt":"2024-06-27T18:20:09","slug":"startseite","status":"publish","type":"page","link":"https:\/\/ateliereinzelstueck.de\/","title":{"rendered":"Startseite"},"content":{"rendered":"\n<div class=\"wp-block-group alignfull has-background has-global-padding is-layout-constrained wp-block-group-is-layout-constrained\" style=\"background-color:#f2f0e9;margin-top:0;margin-bottom:0;padding-top:var(--wp--preset--spacing--50);padding-right:var(--wp--preset--spacing--50);padding-bottom:var(--wp--preset--spacing--50);padding-left:var(--wp--preset--spacing--50)\">\n<div class=\"wp-block-group is-vertical is-content-justification-center is-layout-flex wp-container-core-group-is-layout-1 wp-block-group-is-layout-flex\">\n<h2 class=\"wp-block-heading has-text-align-center is-style-asterisk\">Ein Ort f\u00fcr viele Ideen<\/h2>\n\n\n\n<div style=\"height:0px\" aria-hidden=\"true\" class=\"wp-block-spacer wp-container-content-1\"><\/div>\n\n\n\n<p class=\"has-text-align-center\">Mit meinem Atelier im <a href=\"https:\/\/stueckwerk-krumbach.de\" data-type=\"link\" data-id=\"https:\/\/stueckwerk-krumbach.de\" target=\"_blank\" rel=\"noreferrer noopener\">St\u00fcckwerk Krumbach<\/a> habe ich einen Platz, an dem ich all die verschiedenen Themen b\u00fcndeln kann. Ein Ort zum Ausprobieren, zum Schaffen und auch zum Akkus Aufladen.<\/p>\n<\/div>\n\n\n\n<div style=\"margin-top:0;margin-bottom:0;height:var(--wp--preset--spacing--40)\" aria-hidden=\"true\" class=\"wp-block-spacer\"><\/div>\n\n\n\n<div class=\"wp-block-columns alignwide is-layout-flex wp-container-core-columns-is-layout-1 wp-block-columns-is-layout-flex\">\n<div class=\"wp-block-column is-layout-flow wp-container-core-column-is-layout-1 wp-block-column-is-layout-flow\">\n<h3 class=\"wp-block-heading has-text-align-left is-style-asterisk has-body-font-family has-medium-font-size\" style=\"font-style:normal;font-weight:600\">Fotografie<\/h3>\n\n\n\n<p class=\"has-text-align-left\">Keine Auftragsfotografie mehr, sondern ausschlie\u00dflich f\u00fcr mich. Monochromer Spa\u00df und Ausgleich.<\/p>\n\n\n\n<p style=\"font-size:11px\"><strong><a href=\"https:\/\/ateliereinzelstueck.de\/?page_id=36\" data-type=\"page\" data-id=\"36\">MEHR ERFAHREN<\/a><\/strong><\/p>\n<\/div>\n\n\n\n<div class=\"wp-block-column is-layout-flow wp-container-core-column-is-layout-2 wp-block-column-is-layout-flow\">\n<h3 class=\"wp-block-heading has-text-align-left is-style-asterisk has-body-font-family has-medium-font-size\" style=\"font-style:normal;font-weight:600\">Grafik<\/h3>\n\n\n\n<p class=\"has-text-align-left\">Mein eigentlicher Job &#8211; momentan passiert privat hier nicht viel. Das wird sich aber vermutlich auch noch \u00e4ndern.<\/p>\n\n\n\n<p style=\"font-size:11px\"><strong>WEITERE INFOS FOLGEN SP\u00c4TER<\/strong><\/p>\n<\/div>\n\n\n\n<div class=\"wp-block-column is-layout-flow wp-container-core-column-is-layout-3 wp-block-column-is-layout-flow\">\n<h3 class=\"wp-block-heading has-text-align-left is-style-asterisk has-body-font-family has-medium-font-size\" style=\"font-style:normal;font-weight:600\">Malerei<\/h3>\n\n\n\n<p class=\"has-text-align-left\">Ein neues Thema in meinem Leben, das aber mit dem eigenen Atelier demn\u00e4chst stark wachsen wird.<\/p>\n\n\n\n<p style=\"font-size:11px\"><strong><strong><a href=\"https:\/\/ateliereinzelstueck.de\/?page_id=24\" data-type=\"page\" data-id=\"24\">MEHR ERFAHREN<\/a><\/strong><\/strong><\/p>\n<\/div>\n<\/div>\n\n\n\n<div style=\"height:var(--wp--preset--spacing--20)\" aria-hidden=\"true\" class=\"wp-block-spacer\"><\/div>\n\n\n\n<div class=\"wp-block-columns alignwide is-layout-flex wp-container-core-columns-is-layout-2 wp-block-columns-is-layout-flex\">\n<div class=\"wp-block-column is-layout-flow wp-container-core-column-is-layout-4 wp-block-column-is-layout-flow\">\n<h3 class=\"wp-block-heading has-text-align-left is-style-asterisk has-body-font-family has-medium-font-size\" style=\"font-style:normal;font-weight:600\">Gitarren<\/h3>\n\n\n\n<p class=\"has-text-align-left\">Zigarrenboxgitarren, Slides, Umgestaltung von Pedals und viele weitere gitarrenbezogene Dinge.<\/p>\n\n\n\n<p id=\"recreationguitars\" style=\"font-size:11px\"><strong><a href=\"https:\/\/ateliereinzelstueck.de\/?page_id=77\" data-type=\"page\" data-id=\"77\">MEHR ERFAHREN<\/a><\/strong><\/p>\n<\/div>\n\n\n\n<div class=\"wp-block-column is-layout-flow wp-container-core-column-is-layout-5 wp-block-column-is-layout-flow\">\n<h3 class=\"wp-block-heading has-text-align-left is-style-asterisk has-body-font-family has-medium-font-size\" style=\"font-style:normal;font-weight:600\">Zauberst\u00e4be<\/h3>\n\n\n\n<p class=\"has-text-align-left\">Der wichtigste Begleiter in einer immer wilder werdenden Welt: ein Zauberstab, der f\u00fcr etwas Zauber im Alltag sorgt.<\/p>\n\n\n\n<p style=\"font-size:11px\"><strong><strong><a href=\"#startzauberstaebe\">MEHR ERFAHREN<\/a><\/strong><\/strong><\/p>\n<\/div>\n\n\n\n<div class=\"wp-block-column is-layout-flow wp-container-core-column-is-layout-6 wp-block-column-is-layout-flow\">\n<h3 class=\"wp-block-heading has-text-align-left is-style-asterisk has-body-font-family has-medium-font-size\" style=\"font-style:normal;font-weight:600\">Wandschach<\/h3>\n\n\n\n<p class=\"has-text-align-left\">Eine dekorative M\u00f6glichkeit, gem\u00fctliche Schachpartien zu spielen &#8211; auch \u00fcber l\u00e4ngere Zeit.<\/p>\n\n\n\n<p style=\"font-size:11px\"><strong><strong><a href=\"#startwandschach\" data-type=\"internal\" data-id=\"#startwandschach\">MEHR ERFAHREN<\/a><\/strong><\/strong><\/p>\n<\/div>\n<\/div>\n<\/div>\n\n\n\n<div class=\"wp-block-cover alignfull wp-duotone-unset-2\" style=\"margin-top:0;margin-bottom:0;padding-top:var(--wp--preset--spacing--50);padding-right:var(--wp--preset--spacing--50);padding-bottom:var(--wp--preset--spacing--50);padding-left:var(--wp--preset--spacing--50);min-height:915px;aspect-ratio:unset;\" id=\"startzauberstaebe\"><span aria-hidden=\"true\" class=\"wp-block-cover__background has-base-background-color has-background-dim-0 has-background-dim\"><\/span><img loading=\"lazy\" decoding=\"async\" width=\"2560\" height=\"1707\" class=\"wp-block-cover__image-background wp-image-18\" alt=\"\" src=\"https:\/\/ateliereinzelstueck.de\/wp-content\/uploads\/2024\/04\/MG_2347_bearbeitet-scaled.jpg\" style=\"object-position:50% 100%\" data-object-fit=\"cover\" data-object-position=\"50% 100%\" srcset=\"https:\/\/ateliereinzelstueck.de\/wp-content\/uploads\/2024\/04\/MG_2347_bearbeitet-scaled.jpg 2560w, https:\/\/ateliereinzelstueck.de\/wp-content\/uploads\/2024\/04\/MG_2347_bearbeitet-300x200.jpg 300w, https:\/\/ateliereinzelstueck.de\/wp-content\/uploads\/2024\/04\/MG_2347_bearbeitet-1024x683.jpg 1024w, https:\/\/ateliereinzelstueck.de\/wp-content\/uploads\/2024\/04\/MG_2347_bearbeitet-768x512.jpg 768w, https:\/\/ateliereinzelstueck.de\/wp-content\/uploads\/2024\/04\/MG_2347_bearbeitet-1536x1024.jpg 1536w, https:\/\/ateliereinzelstueck.de\/wp-content\/uploads\/2024\/04\/MG_2347_bearbeitet-2048x1365.jpg 2048w\" sizes=\"(max-width: 2560px) 100vw, 2560px\" \/><div class=\"wp-block-cover__inner-container has-global-padding is-layout-constrained wp-block-cover-is-layout-constrained\">\n<div style=\"height:573px\" aria-hidden=\"true\" id=\"zauberstaebe\" class=\"wp-block-spacer\"><\/div>\n\n\n\n<div class=\"wp-block-group alignfull has-global-padding is-layout-constrained wp-block-group-is-layout-constrained\" style=\"padding-top:var(--wp--preset--spacing--10);padding-right:var(--wp--preset--spacing--50);padding-bottom:var(--wp--preset--spacing--10);padding-left:var(--wp--preset--spacing--50)\">\n<div class=\"wp-block-columns alignwide is-layout-flex wp-container-core-columns-is-layout-3 wp-block-columns-is-layout-flex\">\n<div class=\"wp-block-column is-layout-flow wp-block-column-is-layout-flow\" style=\"flex-basis:33%\">\n<p class=\"has-heading-font-family has-large-font-size\" style=\"line-height:1.2\"><strong>Wer nicht an Magie glaubt, wird sie <\/strong><br><strong>niemals entdecken.<\/strong><\/p>\n<\/div>\n\n\n\n<div class=\"wp-block-column is-layout-flow wp-container-core-column-is-layout-8 wp-block-column-is-layout-flow\">\n<div class=\"wp-block-group is-nowrap is-layout-flex wp-container-core-group-is-layout-5 wp-block-group-is-layout-flex\">\n<div class=\"wp-block-group is-vertical is-content-justification-left is-nowrap is-layout-flex wp-container-core-group-is-layout-3 wp-block-group-is-layout-flex\">\n<p>Um ein wenig mehr Magie in den Alltag zu bringen, habe ich angefangen, Zauberst\u00e4be zu erschaffen. Gesammelt aus Fallholz &#8211; kein Baum muss daf\u00fcr beschnitten werden und jeder Stab ist ein absolutes Einzelst\u00fcck.<\/p>\n<\/div>\n\n\n\n<div class=\"wp-block-group is-vertical is-nowrap is-layout-flex wp-container-core-group-is-layout-4 wp-block-group-is-layout-flex\">\n<p>Sicher verpackt sind die St\u00e4be in einer individuell handgefertigten Schachtel aus Buchbinderpappe und -leinen. Mit dabei ist ein passender Standfu\u00df, der dem Stab nicht nur in der Schachtel sicheren Halt gibt, sondern auch zur Pr\u00e4sentation geeignet ist.<\/p>\n<\/div>\n<\/div>\n<\/div>\n<\/div>\n<\/div>\n\n\n\n<div class=\"wp-block-buttons is-content-justification-center is-layout-flex wp-container-core-buttons-is-layout-1 wp-block-buttons-is-layout-flex\">\n<div class=\"wp-block-button\"><a class=\"wp-block-button__link has-contrast-color has-contrast-3-background-color has-text-color has-background has-link-color wp-element-button\">UNTERSEITE FOLGT IN K\u00dcRZE<\/a><\/div>\n<\/div>\n<\/div><\/div>\n\n\n\n<div class=\"wp-block-cover alignfull\" style=\"padding-top:var(--wp--preset--spacing--30);padding-right:var(--wp--preset--spacing--50);padding-bottom:var(--wp--preset--spacing--30);padding-left:var(--wp--preset--spacing--50);min-height:190px;aspect-ratio:unset;\"><span aria-hidden=\"true\" class=\"wp-block-cover__background has-base-background-color has-background-dim-0 has-background-dim\"><\/span><img loading=\"lazy\" decoding=\"async\" width=\"2560\" height=\"1043\" class=\"wp-block-cover__image-background wp-image-213\" alt=\"\" src=\"https:\/\/ateliereinzelstueck.de\/wp-content\/uploads\/2024\/04\/MG_1834_zuschnitt-scaled.jpg\" data-object-fit=\"cover\" srcset=\"https:\/\/ateliereinzelstueck.de\/wp-content\/uploads\/2024\/04\/MG_1834_zuschnitt-scaled.jpg 2560w, https:\/\/ateliereinzelstueck.de\/wp-content\/uploads\/2024\/04\/MG_1834_zuschnitt-300x122.jpg 300w, https:\/\/ateliereinzelstueck.de\/wp-content\/uploads\/2024\/04\/MG_1834_zuschnitt-1024x417.jpg 1024w, https:\/\/ateliereinzelstueck.de\/wp-content\/uploads\/2024\/04\/MG_1834_zuschnitt-768x313.jpg 768w, https:\/\/ateliereinzelstueck.de\/wp-content\/uploads\/2024\/04\/MG_1834_zuschnitt-1536x626.jpg 1536w, https:\/\/ateliereinzelstueck.de\/wp-content\/uploads\/2024\/04\/MG_1834_zuschnitt-2048x834.jpg 2048w\" sizes=\"(max-width: 2560px) 100vw, 2560px\" \/><div class=\"wp-block-cover__inner-container has-global-padding is-layout-constrained wp-block-cover-is-layout-constrained\">\n<div style=\"height:500px\" aria-hidden=\"true\" class=\"wp-block-spacer\"><\/div>\n<\/div><\/div>\n\n\n\n<div class=\"wp-block-group alignfull has-background has-global-padding is-layout-constrained wp-block-group-is-layout-constrained\" style=\"background-color:#f2f0e9;margin-top:0;margin-bottom:0;padding-top:var(--wp--preset--spacing--50);padding-right:var(--wp--preset--spacing--50);padding-bottom:var(--wp--preset--spacing--50);padding-left:var(--wp--preset--spacing--50);background-image:url(&#039;https:\/\/ateliereinzelstueck.de\/wp-content\/uploads\/2024\/04\/wandschach-hintergrund-scaled.jpg&#039;);background-size:cover;\">\n<div class=\"wp-block-columns alignwide is-layout-flex wp-container-core-columns-is-layout-4 wp-block-columns-is-layout-flex\">\n<div class=\"wp-block-column is-vertically-aligned-stretch is-layout-flow wp-block-column-is-layout-flow\" style=\"flex-basis:50%\">\n<div class=\"wp-block-group is-vertical is-content-justification-stretch is-layout-flex wp-container-core-group-is-layout-8 wp-block-group-is-layout-flex\" style=\"min-height:100%\">\n<p class=\"has-heading-font-family has-x-large-font-size\" style=\"line-height:1.2\">Dekorativ und nie im Weg. Ideal f\u00fcr lange Schachpartien im Vorbeigehen:<br><br>Das Wandschach!<\/p>\n\n\n\n<div class=\"wp-block-group has-global-padding is-content-justification-left is-layout-constrained wp-container-core-group-is-layout-7 wp-block-group-is-layout-constrained\">\n<p class=\"wp-container-content-3\">Ein dekoratives Wandbild, das auch gleichzeitig zum Spielen genutzt werden kann. F\u00fcr eine gem\u00fctliche Partie, die man im Vorbeigehen spielen kann.<\/p>\n\n\n\n<div class=\"wp-block-buttons is-layout-flex wp-block-buttons-is-layout-flex\">\n<div class=\"wp-block-button\"><a class=\"wp-block-button__link wp-element-button\">UNTERSEITE FOLGT IN K\u00dcRZE<\/a><\/div>\n<\/div>\n<\/div>\n<\/div>\n<\/div>\n\n\n\n<div class=\"wp-block-column is-vertically-aligned-center is-layout-flow wp-block-column-is-layout-flow\" style=\"flex-basis:50%\">\n<figure class=\"wp-block-image size-large is-style-default\"><img loading=\"lazy\" decoding=\"async\" width=\"796\" height=\"1024\" src=\"http:\/\/ateliereinzelstueck.de\/wp-content\/uploads\/2024\/04\/4977F30B-8C83-4F3B-9C27-E732326B138E_1_201_a-796x1024.jpg\" alt=\"\" class=\"wp-image-102\" style=\"aspect-ratio:3\/4;object-fit:cover\" srcset=\"https:\/\/ateliereinzelstueck.de\/wp-content\/uploads\/2024\/04\/4977F30B-8C83-4F3B-9C27-E732326B138E_1_201_a-796x1024.jpg 796w, https:\/\/ateliereinzelstueck.de\/wp-content\/uploads\/2024\/04\/4977F30B-8C83-4F3B-9C27-E732326B138E_1_201_a-233x300.jpg 233w, https:\/\/ateliereinzelstueck.de\/wp-content\/uploads\/2024\/04\/4977F30B-8C83-4F3B-9C27-E732326B138E_1_201_a-768x988.jpg 768w, https:\/\/ateliereinzelstueck.de\/wp-content\/uploads\/2024\/04\/4977F30B-8C83-4F3B-9C27-E732326B138E_1_201_a-1194x1536.jpg 1194w, https:\/\/ateliereinzelstueck.de\/wp-content\/uploads\/2024\/04\/4977F30B-8C83-4F3B-9C27-E732326B138E_1_201_a-1592x2048.jpg 1592w, https:\/\/ateliereinzelstueck.de\/wp-content\/uploads\/2024\/04\/4977F30B-8C83-4F3B-9C27-E732326B138E_1_201_a-scaled.jpg 1990w\" sizes=\"(max-width: 796px) 100vw, 796px\" \/><figcaption class=\"wp-element-caption\">Prototyp aus Buchbinderpappe<\/figcaption><\/figure>\n<\/div>\n<\/div>\n<\/div>\n\n\n\n<div class=\"wp-block-group alignfull has-background is-vertical is-content-justification-center is-layout-flex wp-container-core-group-is-layout-11 wp-block-group-is-layout-flex\" id=\"startrecreationguitars\" style=\"min-height:100vh;margin-top:0;margin-bottom:0;padding-top:var(--wp--preset--spacing--60);padding-right:var(--wp--preset--spacing--50);padding-bottom:var(--wp--preset--spacing--60);padding-left:var(--wp--preset--spacing--50);background-image:url(&#039;https:\/\/ateliereinzelstueck.de\/wp-content\/uploads\/2024\/04\/MG_8995.jpg&#039;);background-position:47% 97%;background-size:cover;\">\n<div class=\"wp-block-group has-global-padding is-layout-constrained wp-block-group-is-layout-constrained\">\n<div style=\"height:var(--wp--preset--spacing--10)\" aria-hidden=\"true\" class=\"wp-block-spacer\"><\/div>\n\n\n\n<h2 class=\"wp-block-heading has-text-align-center has-base-2-color has-text-color has-link-color has-x-large-font-size wp-elements-6c8c33a0c231123ca19bb6db2ffe7781\" style=\"margin-right:0;margin-left:0;padding-right:0;padding-left:0\">Recreation Guitars<\/h2>\n\n\n\n<h2 class=\"wp-block-heading has-text-align-center has-base-2-color has-text-color has-background has-link-color wp-elements-8eee1c7ccafabb8f6d653852be4e7152\" style=\"background-color:#1212128a;margin-right:0;margin-left:0;padding-right:0;padding-left:0;font-size:clamp(14.082px, 0.88rem + ((1vw - 3.2px) * 0.721), 21px);\">Zigarrenboxgitarren, individuelle Lackierungen und Handbemalungen, handgemachte Bottleneck-Slides, Gitarrengurte, Effektpedalgeh\u00e4use und vieles vieles mehr.<\/h2>\n\n\n\n<div style=\"height:var(--wp--preset--spacing--10)\" aria-hidden=\"true\" class=\"wp-block-spacer\"><\/div>\n\n\n\n<div class=\"wp-block-buttons is-content-justification-center is-layout-flex wp-container-core-buttons-is-layout-3 wp-block-buttons-is-layout-flex\">\n<div class=\"wp-block-button\"><a class=\"wp-block-button__link has-contrast-2-color has-base-background-color has-text-color has-background has-link-color wp-element-button\" href=\"https:\/\/ateliereinzelstueck.de\/?page_id=77\">MEHR ERFAHREN<\/a><\/div>\n<\/div>\n<\/div>\n<\/div>\n\n\n\n<div class=\"wp-block-group alignfull has-background has-global-padding is-layout-constrained wp-block-group-is-layout-constrained\" style=\"margin-top:0;margin-bottom:0;padding-top:var(--wp--preset--spacing--50);padding-right:var(--wp--preset--spacing--50);padding-bottom:var(--wp--preset--spacing--50);padding-left:var(--wp--preset--spacing--50);background-image:url(&#039;http:\/\/ateliereinzelstueck.de\/wp-content\/uploads\/2024\/04\/MG_1853-scaled.jpg&#039;);background-size:cover;\">\n<div class=\"wp-block-columns alignwide is-layout-flex wp-container-core-columns-is-layout-5 wp-block-columns-is-layout-flex\">\n<div class=\"wp-block-column is-layout-flow wp-block-column-is-layout-flow\" style=\"flex-basis:40%\">\n<p class=\"has-base-color has-text-color has-link-color wp-elements-bc088ecaf452cfe83642eb4084f83765 wp-container-content-4\">Computerchip-Schmuck<\/p>\n<\/div>\n\n\n\n<div class=\"wp-block-column is-layout-flow wp-block-column-is-layout-flow\" style=\"flex-basis:60%\">\n<p class=\"has-base-color has-text-color has-link-color has-heading-font-family has-x-large-font-size wp-elements-877e7dc0581bf406ffbc7f01d94d746d\" style=\"line-height:1.2\">Schmuck, gemacht aus alten Computerchips: Ohrringe, Halsketten, Anh\u00e4nger. <\/p>\n<\/div>\n<\/div>\n\n\n\n<div style=\"height:235px\" aria-hidden=\"true\" class=\"wp-block-spacer\"><\/div>\n<\/div>\n\n\n\n<div class=\"wp-block-group alignfull has-contrast-2-background-color has-background has-global-padding is-layout-constrained wp-block-group-is-layout-constrained\" style=\"margin-top:0;margin-bottom:0;padding-top:var(--wp--preset--spacing--50);padding-right:var(--wp--preset--spacing--50);padding-bottom:var(--wp--preset--spacing--50);padding-left:var(--wp--preset--spacing--50);background-image:url(&#039;https:\/\/ateliereinzelstueck.de\/wp-content\/uploads\/2024\/04\/MG_9172.jpg&#039;);background-position:54% 60%;background-size:cover;\">\n<div class=\"wp-block-columns alignwide is-layout-flex wp-container-core-columns-is-layout-6 wp-block-columns-is-layout-flex\">\n<div class=\"wp-block-column is-vertically-aligned-center is-layout-flow wp-block-column-is-layout-flow\" style=\"flex-basis:60%\">\n<figure class=\"wp-block-image size-full is-style-rounded wp-duotone-duotone-1\"><img loading=\"lazy\" decoding=\"async\" width=\"1184\" height=\"1190\" src=\"https:\/\/ateliereinzelstueck.de\/wp-content\/uploads\/2024\/04\/Bildschirmfoto-2024-03-08-um-16.14.14.png\" alt=\"\" class=\"wp-image-17\" style=\"aspect-ratio:4\/3;object-fit:cover\" srcset=\"https:\/\/ateliereinzelstueck.de\/wp-content\/uploads\/2024\/04\/Bildschirmfoto-2024-03-08-um-16.14.14.png 1184w, https:\/\/ateliereinzelstueck.de\/wp-content\/uploads\/2024\/04\/Bildschirmfoto-2024-03-08-um-16.14.14-298x300.png 298w, https:\/\/ateliereinzelstueck.de\/wp-content\/uploads\/2024\/04\/Bildschirmfoto-2024-03-08-um-16.14.14-1019x1024.png 1019w, https:\/\/ateliereinzelstueck.de\/wp-content\/uploads\/2024\/04\/Bildschirmfoto-2024-03-08-um-16.14.14-150x150.png 150w, https:\/\/ateliereinzelstueck.de\/wp-content\/uploads\/2024\/04\/Bildschirmfoto-2024-03-08-um-16.14.14-768x772.png 768w\" sizes=\"(max-width: 1184px) 100vw, 1184px\" \/><\/figure>\n<\/div>\n\n\n\n<div class=\"wp-block-column is-layout-flow wp-block-column-is-layout-flow\" style=\"flex-basis:40%\">\n<h2 class=\"wp-block-heading has-base-2-color has-text-color has-link-color wp-elements-2a6f511fa6d18efe46114a6561a074c9\"><strong>DAS DING IM HINTERGRUND<\/strong><\/h2>\n\n\n\n<p class=\"has-base-color has-text-color has-link-color wp-elements-edf6e925bd8d6fd45aeb9cbbd9c42ee6\">Hinter dem Atelier Einzelst\u00fcck steht die &#8222;Settele Designmanufaktur&#8220;. Urspr\u00fcnglich gegr\u00fcndet als Gewerbe f\u00fcr Grafik- und Fotografie ist es jetzt der offizielle Part hinter dem Atelier &#8211; und der Name, der auf den Rechnungen steht.<br><br>Au\u00dferdem l\u00e4uft der Gro\u00dfteil der Fotografie- und Grafikarbeiten unter dem Branding der Designmanufaktur.<\/p>\n\n\n\n<div class=\"wp-block-buttons is-layout-flex wp-block-buttons-is-layout-flex\">\n<div class=\"wp-block-button\"><a class=\"wp-block-button__link wp-element-button\" href=\"https:\/\/settele-designmanufaktur.de\" target=\"_blank\" rel=\"noreferrer noopener\">Website <\/a><\/div>\n\n\n\n<div class=\"wp-block-button\"><a class=\"wp-block-button__link wp-element-button\" href=\"http:\/\/instagram.com\/fabiansettele\/\" target=\"_blank\" rel=\"noreferrer noopener\">Instagram<\/a><\/div>\n<\/div>\n<\/div>\n<\/div>\n<\/div>\n","protected":false},"excerpt":{"rendered":"<p>Ein Ort f\u00fcr viele Ideen Mit meinem Atelier im St\u00fcckwerk Krumbach habe ich einen Platz, an dem ich all die verschiedenen Themen b\u00fcndeln kann. Ein Ort zum Ausprobieren, zum Schaffen und auch zum Akkus Aufladen. Fotografie Keine Auftragsfotografie mehr, sondern ausschlie\u00dflich f\u00fcr mich. Monochromer Spa\u00df und Ausgleich. MEHR ERFAHREN Grafik Mein eigentlicher Job &#8211; momentan [&hellip;]<\/p>\n","protected":false},"author":1,"featured_media":0,"parent":0,"menu_order":0,"comment_status":"closed","ping_status":"closed","template":"","meta":{"footnotes":""},"_links":{"self":[{"href":"https:\/\/ateliereinzelstueck.de\/index.php?rest_route=\/wp\/v2\/pages\/7"}],"collection":[{"href":"https:\/\/ateliereinzelstueck.de\/index.php?rest_route=\/wp\/v2\/pages"}],"about":[{"href":"https:\/\/ateliereinzelstueck.de\/index.php?rest_route=\/wp\/v2\/types\/page"}],"author":[{"embeddable":true,"href":"https:\/\/ateliereinzelstueck.de\/index.php?rest_route=\/wp\/v2\/users\/1"}],"replies":[{"embeddable":true,"href":"https:\/\/ateliereinzelstueck.de\/index.php?rest_route=%2Fwp%2Fv2%2Fcomments&post=7"}],"version-history":[{"count":52,"href":"https:\/\/ateliereinzelstueck.de\/index.php?rest_route=\/wp\/v2\/pages\/7\/revisions"}],"predecessor-version":[{"id":252,"href":"https:\/\/ateliereinzelstueck.de\/index.php?rest_route=\/wp\/v2\/pages\/7\/revisions\/252"}],"wp:attachment":[{"href":"https:\/\/ateliereinzelstueck.de\/index.php?rest_route=%2Fwp%2Fv2%2Fmedia&parent=7"}],"curies":[{"name":"wp","href":"https:\/\/api.w.org\/{rel}","templated":true}]}}